{"id":8328,"date":"2024-04-05T12:28:46","date_gmt":"2024-04-05T16:28:46","guid":{"rendered":"https:\/\/www.evenementbl.com\/dev\/produit\/ph-2024-forfait-journee-francophone\/"},"modified":"2024-06-27T00:05:04","modified_gmt":"2024-06-27T04:05:04","slug":"ph-2024-forfait-journee-francophone","status":"publish","type":"product","link":"https:\/\/www.evenementbl.com\/dev\/en\/produit\/ph-2024-forfait-journee-francophone\/","title":{"rendered":"PH 2024 &#8211; Forfait journ\u00e9e francophone"},"content":{"rendered":"<p>Cette admission donne acc\u00e8s aux sessions en fran\u00e7ais et en anglais qui auront lieu le 1er octobre exclusivement. Participez \u00e0 des sessions captivantes, des rencontres de r\u00e9seautage, et bien plus encore. C&#8217;est l&#8217;occasion id\u00e9ale de tisser des liens avec d&#8217;autres participants et d&#8217;explorer nos solutions en compagnie d&#8217;experts et de clients actuels.<\/p>\n","protected":false},"excerpt":{"rendered":"<p>Cette admission donne acc\u00e8s aux sessions en fran\u00e7ais et en anglais qui auront lieu le 1er octobre exclusivement. Participez \u00e0 des sessions captivantes, des rencontres de r\u00e9seautage, et bien plus encore. C&#8217;est l&#8217;occasion id\u00e9ale de tisser des liens avec d&#8217;autres participants et d&#8217;explorer nos solutions en compagnie d&#8217;experts et de clients actuels.<\/p>\n","protected":false},"author":0,"featured_media":6721,"comment_status":"open","ping_status":"closed","template":"","meta":[],"yoast_head":"<!-- This site is optimized with the Yoast SEO plugin v20.6 - https:\/\/yoast.com\/wordpress\/plugins\/seo\/ -->\n<title>PH 2024 - Forfait journ\u00e9e francophone - &Eacute;v&eacute;nements Berger-Levrault<\/title>\n<meta name=\"robots\" content=\"index, follow, max-snippet:-1, max-image-preview:large, max-video-preview:-1\" \/>\n<link rel=\"canonical\" href=\"https:\/\/www.evenementbl.com\/dev\/en\/produit\/ph-2024-forfait-journee-francophone\/\" \/>\n<meta property=\"og:locale\" content=\"en_US\" \/>\n<meta property=\"og:type\" content=\"article\" \/>\n<meta property=\"og:title\" content=\"PH 2024 - Forfait journ\u00e9e francophone - &Eacute;v&eacute;nements Berger-Levrault\" \/>\n<meta property=\"og:description\" content=\"Cette admission donne acc\u00e8s aux sessions en fran\u00e7ais et en anglais qui auront lieu le 1er octobre exclusivement. Participez \u00e0 des sessions captivantes, des rencontres de r\u00e9seautage, et bien plus encore. C&#039;est l&#039;occasion id\u00e9ale de tisser des liens avec d&#039;autres participants et d&#039;explorer nos solutions en compagnie d&#039;experts et de clients actuels.\" \/>\n<meta property=\"og:url\" content=\"https:\/\/www.evenementbl.com\/dev\/en\/produit\/ph-2024-forfait-journee-francophone\/\" \/>\n<meta property=\"og:site_name\" content=\"&Eacute;v&eacute;nements Berger-Levrault\" \/>\n<meta property=\"article:modified_time\" content=\"2024-06-27T04:05:04+00:00\" \/>\n<meta property=\"og:image\" content=\"https:\/\/www.evenementbl.com\/dev\/wp-content\/uploads\/2023\/04\/BLxInfosilem_2020.png\" \/>\n\t<meta property=\"og:image:width\" content=\"648\" \/>\n\t<meta property=\"og:image:height\" content=\"180\" \/>\n\t<meta property=\"og:image:type\" content=\"image\/png\" \/>\n<meta name=\"twitter:card\" content=\"summary_large_image\" \/>\n<meta name=\"twitter:label1\" content=\"Est. reading time\" \/>\n\t<meta name=\"twitter:data1\" content=\"1 minute\" \/>\n<script type=\"application\/ld+json\" class=\"yoast-schema-graph\">{\"@context\":\"https:\/\/schema.org\",\"@graph\":[{\"@type\":\"WebPage\",\"@id\":\"https:\/\/www.evenementbl.com\/dev\/en\/produit\/ph-2024-forfait-journee-francophone\/\",\"url\":\"https:\/\/www.evenementbl.com\/dev\/en\/produit\/ph-2024-forfait-journee-francophone\/\",\"name\":\"PH 2024 - Forfait journ\u00e9e francophone - &Eacute;v&eacute;nements Berger-Levrault\",\"isPartOf\":{\"@id\":\"https:\/\/www.evenementbl.com\/dev\/en\/#website\"},\"datePublished\":\"2024-04-05T16:28:46+00:00\",\"dateModified\":\"2024-06-27T04:05:04+00:00\",\"breadcrumb\":{\"@id\":\"https:\/\/www.evenementbl.com\/dev\/en\/produit\/ph-2024-forfait-journee-francophone\/#breadcrumb\"},\"inLanguage\":\"en-US\",\"potentialAction\":[{\"@type\":\"ReadAction\",\"target\":[\"https:\/\/www.evenementbl.com\/dev\/en\/produit\/ph-2024-forfait-journee-francophone\/\"]}]},{\"@type\":\"BreadcrumbList\",\"@id\":\"https:\/\/www.evenementbl.com\/dev\/en\/produit\/ph-2024-forfait-journee-francophone\/#breadcrumb\",\"itemListElement\":[{\"@type\":\"ListItem\",\"position\":1,\"name\":\"Accueil\",\"item\":\"https:\/\/www.evenementbl.com\/dev\/en\/\"},{\"@type\":\"ListItem\",\"position\":2,\"name\":\"Boutique\",\"item\":\"https:\/\/www.evenementbl.com\/dev\/en\/shop\/\"},{\"@type\":\"ListItem\",\"position\":3,\"name\":\"PH 2024 &#8211; Forfait journ\u00e9e francophone\"}]},{\"@type\":\"WebSite\",\"@id\":\"https:\/\/www.evenementbl.com\/dev\/en\/#website\",\"url\":\"https:\/\/www.evenementbl.com\/dev\/en\/\",\"name\":\"&Eacute;v&eacute;nements Berger-Levrault\",\"description\":\"&Eacute;v&eacute;nements Berger-Levrault\",\"publisher\":{\"@id\":\"https:\/\/www.evenementbl.com\/dev\/en\/#organization\"},\"potentialAction\":[{\"@type\":\"SearchAction\",\"target\":{\"@type\":\"EntryPoint\",\"urlTemplate\":\"https:\/\/www.evenementbl.com\/dev\/en\/?s={search_term_string}\"},\"query-input\":\"required name=search_term_string\"}],\"inLanguage\":\"en-US\"},{\"@type\":\"Organization\",\"@id\":\"https:\/\/www.evenementbl.com\/dev\/en\/#organization\",\"name\":\"&Eacute;v&eacute;nements Berger-Levrault\",\"url\":\"https:\/\/www.evenementbl.com\/dev\/en\/\",\"logo\":{\"@type\":\"ImageObject\",\"inLanguage\":\"en-US\",\"@id\":\"https:\/\/www.evenementbl.com\/dev\/en\/#\/schema\/logo\/image\/\",\"url\":\"https:\/\/www.evenementbl.com\/dev\/wp-content\/uploads\/2020\/01\/BL_logo.png\",\"contentUrl\":\"https:\/\/www.evenementbl.com\/dev\/wp-content\/uploads\/2020\/01\/BL_logo.png\",\"width\":152,\"height\":51,\"caption\":\"&Eacute;v&eacute;nements Berger-Levrault\"},\"image\":{\"@id\":\"https:\/\/www.evenementbl.com\/dev\/en\/#\/schema\/logo\/image\/\"}}]}<\/script>\n<!-- \/ Yoast SEO plugin. -->","yoast_head_json":{"title":"PH 2024 - Forfait journ\u00e9e francophone - &Eacute;v&eacute;nements Berger-Levrault","robots":{"index":"index","follow":"follow","max-snippet":"max-snippet:-1","max-image-preview":"max-image-preview:large","max-video-preview":"max-video-preview:-1"},"canonical":"https:\/\/www.evenementbl.com\/dev\/en\/produit\/ph-2024-forfait-journee-francophone\/","og_locale":"en_US","og_type":"article","og_title":"PH 2024 - Forfait journ\u00e9e francophone - &Eacute;v&eacute;nements Berger-Levrault","og_description":"Cette admission donne acc\u00e8s aux sessions en fran\u00e7ais et en anglais qui auront lieu le 1er octobre exclusivement. Participez \u00e0 des sessions captivantes, des rencontres de r\u00e9seautage, et bien plus encore. C'est l'occasion id\u00e9ale de tisser des liens avec d'autres participants et d'explorer nos solutions en compagnie d'experts et de clients actuels.","og_url":"https:\/\/www.evenementbl.com\/dev\/en\/produit\/ph-2024-forfait-journee-francophone\/","og_site_name":"&Eacute;v&eacute;nements Berger-Levrault","article_modified_time":"2024-06-27T04:05:04+00:00","og_image":[{"width":648,"height":180,"url":"https:\/\/www.evenementbl.com\/dev\/wp-content\/uploads\/2023\/04\/BLxInfosilem_2020.png","type":"image\/png"}],"twitter_card":"summary_large_image","twitter_misc":{"Est. reading time":"1 minute"},"schema":{"@context":"https:\/\/schema.org","@graph":[{"@type":"WebPage","@id":"https:\/\/www.evenementbl.com\/dev\/en\/produit\/ph-2024-forfait-journee-francophone\/","url":"https:\/\/www.evenementbl.com\/dev\/en\/produit\/ph-2024-forfait-journee-francophone\/","name":"PH 2024 - Forfait journ\u00e9e francophone - &Eacute;v&eacute;nements Berger-Levrault","isPartOf":{"@id":"https:\/\/www.evenementbl.com\/dev\/en\/#website"},"datePublished":"2024-04-05T16:28:46+00:00","dateModified":"2024-06-27T04:05:04+00:00","breadcrumb":{"@id":"https:\/\/www.evenementbl.com\/dev\/en\/produit\/ph-2024-forfait-journee-francophone\/#breadcrumb"},"inLanguage":"en-US","potentialAction":[{"@type":"ReadAction","target":["https:\/\/www.evenementbl.com\/dev\/en\/produit\/ph-2024-forfait-journee-francophone\/"]}]},{"@type":"BreadcrumbList","@id":"https:\/\/www.evenementbl.com\/dev\/en\/produit\/ph-2024-forfait-journee-francophone\/#breadcrumb","itemListElement":[{"@type":"ListItem","position":1,"name":"Accueil","item":"https:\/\/www.evenementbl.com\/dev\/en\/"},{"@type":"ListItem","position":2,"name":"Boutique","item":"https:\/\/www.evenementbl.com\/dev\/en\/shop\/"},{"@type":"ListItem","position":3,"name":"PH 2024 &#8211; Forfait journ\u00e9e francophone"}]},{"@type":"WebSite","@id":"https:\/\/www.evenementbl.com\/dev\/en\/#website","url":"https:\/\/www.evenementbl.com\/dev\/en\/","name":"&Eacute;v&eacute;nements Berger-Levrault","description":"&Eacute;v&eacute;nements Berger-Levrault","publisher":{"@id":"https:\/\/www.evenementbl.com\/dev\/en\/#organization"},"potentialAction":[{"@type":"SearchAction","target":{"@type":"EntryPoint","urlTemplate":"https:\/\/www.evenementbl.com\/dev\/en\/?s={search_term_string}"},"query-input":"required name=search_term_string"}],"inLanguage":"en-US"},{"@type":"Organization","@id":"https:\/\/www.evenementbl.com\/dev\/en\/#organization","name":"&Eacute;v&eacute;nements Berger-Levrault","url":"https:\/\/www.evenementbl.com\/dev\/en\/","logo":{"@type":"ImageObject","inLanguage":"en-US","@id":"https:\/\/www.evenementbl.com\/dev\/en\/#\/schema\/logo\/image\/","url":"https:\/\/www.evenementbl.com\/dev\/wp-content\/uploads\/2020\/01\/BL_logo.png","contentUrl":"https:\/\/www.evenementbl.com\/dev\/wp-content\/uploads\/2020\/01\/BL_logo.png","width":152,"height":51,"caption":"&Eacute;v&eacute;nements Berger-Levrault"},"image":{"@id":"https:\/\/www.evenementbl.com\/dev\/en\/#\/schema\/logo\/image\/"}}]}},"_links":{"self":[{"href":"https:\/\/www.evenementbl.com\/dev\/en\/wp-json\/wp\/v2\/product\/8328"}],"collection":[{"href":"https:\/\/www.evenementbl.com\/dev\/en\/wp-json\/wp\/v2\/product"}],"about":[{"href":"https:\/\/www.evenementbl.com\/dev\/en\/wp-json\/wp\/v2\/types\/product"}],"replies":[{"embeddable":true,"href":"https:\/\/www.evenementbl.com\/dev\/en\/wp-json\/wp\/v2\/comments?post=8328"}],"wp:featuredmedia":[{"embeddable":true,"href":"https:\/\/www.evenementbl.com\/dev\/en\/wp-json\/wp\/v2\/media\/6721"}],"wp:attachment":[{"href":"https:\/\/www.evenementbl.com\/dev\/en\/wp-json\/wp\/v2\/media?parent=8328"}],"curies":[{"name":"wp","href":"https:\/\/api.w.org\/{rel}","templated":true}]}}