{"id":6607,"date":"2023-04-06T12:38:02","date_gmt":"2023-04-06T16:38:02","guid":{"rendered":"https:\/\/www.evenementbl.com\/dev\/?post_type=product&#038;p=6607"},"modified":"2024-03-06T13:06:43","modified_gmt":"2024-03-06T18:06:43","slug":"lets-talk-scheduling-2023-conference-training-bundle-2","status":"publish","type":"product","link":"https:\/\/www.evenementbl.com\/dev\/produit\/lets-talk-scheduling-2023-conference-training-bundle-2\/","title":{"rendered":"Let&#8217;s Talk Scheduling 2023 &#8211; Forfait conf\u00e9rence + formation"},"content":{"rendered":"<h3>Let&#8217;s Talk Scheduling 2023 aura lieu du 2 au 5 octobre \u00e0 l&#8217;h\u00f4tel Westin dans la belle ville de Calgary Alberta.<\/h3>\n<p><em><strong>Faites vite ! Les places sont limit\u00e9es.<\/strong><\/em><\/p>\n<p>Ce billet vous donne acc\u00e8s \u00e0 l&#8217;ensemble de la conf\u00e9rence qui se d\u00e9roulera du 2 au 5 octobre. Combinez les sessions de formation, les opportunit\u00e9s de r\u00e9seautage et les s\u00e9minaires en assistant \u00e0 l&#8217;int\u00e9gralit\u00e9 de l&#8217;\u00e9v\u00e9nement.<\/p>\n<p>*Veuillez s&#8217;il vous pla\u00eet noter que l&#8217;enti\u00e8ret\u00e9 de l&#8217;\u00e9v\u00e9nement se d\u00e9roulera uniquement en anglais cette ann\u00e9e.<\/p>\n","protected":false},"excerpt":{"rendered":"<p>Let&rsquo;s Talk Scheduling 2023 aura lieu du 2 au 5 octobre &agrave; l&rsquo;h&ocirc;tel Westin dans la belle ville de Calgary Alberta. Faites vite ! Les places sont limit&eacute;es. Ce billet vous donne acc&egrave;s &agrave; l&rsquo;ensemble de la conf&eacute;rence qui se d&eacute;roulera du 2 au 5 octobre. Combinez les sessions de formation, les opportunit&eacute;s de r&eacute;seautage [&hellip;]<\/p>\n","protected":false},"author":1017,"featured_media":6964,"comment_status":"open","ping_status":"closed","template":"","meta":[],"yoast_head":"<!-- This site is optimized with the Yoast SEO plugin v20.6 - https:\/\/yoast.com\/wordpress\/plugins\/seo\/ -->\n<title>Let&#039;s Talk Scheduling 2023 - Forfait conf\u00e9rence + formation - &Eacute;v&eacute;nements Berger-Levrault<\/title>\n<meta name=\"robots\" content=\"index, follow, max-snippet:-1, max-image-preview:large, max-video-preview:-1\" \/>\n<link rel=\"canonical\" href=\"https:\/\/www.evenementbl.com\/dev\/produit\/lets-talk-scheduling-2023-conference-training-bundle-2\/\" \/>\n<meta property=\"og:locale\" content=\"fr_FR\" \/>\n<meta property=\"og:type\" content=\"article\" \/>\n<meta property=\"og:title\" content=\"Let&#039;s Talk Scheduling 2023 - Forfait conf\u00e9rence + formation - &Eacute;v&eacute;nements Berger-Levrault\" \/>\n<meta property=\"og:description\" content=\"Let&rsquo;s Talk Scheduling 2023 aura lieu du 2 au 5 octobre &agrave; l&rsquo;h&ocirc;tel Westin dans la belle ville de Calgary Alberta. Faites vite ! Les places sont limit&eacute;es. Ce billet vous donne acc&egrave;s &agrave; l&rsquo;ensemble de la conf&eacute;rence qui se d&eacute;roulera du 2 au 5 octobre. Combinez les sessions de formation, les opportunit&eacute;s de r&eacute;seautage [&hellip;]\" \/>\n<meta property=\"og:url\" content=\"https:\/\/www.evenementbl.com\/dev\/produit\/lets-talk-scheduling-2023-conference-training-bundle-2\/\" \/>\n<meta property=\"og:site_name\" content=\"&Eacute;v&eacute;nements Berger-Levrault\" \/>\n<meta property=\"article:modified_time\" content=\"2024-03-06T18:06:43+00:00\" \/>\n<meta property=\"og:image\" content=\"https:\/\/www.evenementbl.com\/dev\/wp-content\/uploads\/2023\/04\/MicrosoftTeams-image-35.jpg\" \/>\n\t<meta property=\"og:image:width\" content=\"1200\" \/>\n\t<meta property=\"og:image:height\" content=\"630\" \/>\n\t<meta property=\"og:image:type\" content=\"image\/jpeg\" \/>\n<meta name=\"twitter:card\" content=\"summary_large_image\" \/>\n<meta name=\"twitter:label1\" content=\"Dur\u00e9e de lecture estim\u00e9e\" \/>\n\t<meta name=\"twitter:data1\" content=\"1 minute\" \/>\n<script type=\"application\/ld+json\" class=\"yoast-schema-graph\">{\"@context\":\"https:\/\/schema.org\",\"@graph\":[{\"@type\":\"WebPage\",\"@id\":\"https:\/\/www.evenementbl.com\/dev\/produit\/lets-talk-scheduling-2023-conference-training-bundle-2\/\",\"url\":\"https:\/\/www.evenementbl.com\/dev\/produit\/lets-talk-scheduling-2023-conference-training-bundle-2\/\",\"name\":\"Let's Talk Scheduling 2023 - Forfait conf\u00e9rence + formation - &Eacute;v&eacute;nements Berger-Levrault\",\"isPartOf\":{\"@id\":\"https:\/\/www.evenementbl.com\/dev\/#website\"},\"datePublished\":\"2023-04-06T16:38:02+00:00\",\"dateModified\":\"2024-03-06T18:06:43+00:00\",\"breadcrumb\":{\"@id\":\"https:\/\/www.evenementbl.com\/dev\/produit\/lets-talk-scheduling-2023-conference-training-bundle-2\/#breadcrumb\"},\"inLanguage\":\"fr-FR\",\"potentialAction\":[{\"@type\":\"ReadAction\",\"target\":[\"https:\/\/www.evenementbl.com\/dev\/produit\/lets-talk-scheduling-2023-conference-training-bundle-2\/\"]}]},{\"@type\":\"BreadcrumbList\",\"@id\":\"https:\/\/www.evenementbl.com\/dev\/produit\/lets-talk-scheduling-2023-conference-training-bundle-2\/#breadcrumb\",\"itemListElement\":[{\"@type\":\"ListItem\",\"position\":1,\"name\":\"Accueil\",\"item\":\"https:\/\/www.evenementbl.com\/dev\/\"},{\"@type\":\"ListItem\",\"position\":2,\"name\":\"Boutique\",\"item\":\"https:\/\/www.evenementbl.com\/dev\/en\/shop\/\"},{\"@type\":\"ListItem\",\"position\":3,\"name\":\"Let&#8217;s Talk Scheduling 2023 &#8211; Forfait conf\u00e9rence + formation\"}]},{\"@type\":\"WebSite\",\"@id\":\"https:\/\/www.evenementbl.com\/dev\/#website\",\"url\":\"https:\/\/www.evenementbl.com\/dev\/\",\"name\":\"&Eacute;v&eacute;nements Berger-Levrault\",\"description\":\"&Eacute;v&eacute;nements Berger-Levrault\",\"publisher\":{\"@id\":\"https:\/\/www.evenementbl.com\/dev\/#organization\"},\"potentialAction\":[{\"@type\":\"SearchAction\",\"target\":{\"@type\":\"EntryPoint\",\"urlTemplate\":\"https:\/\/www.evenementbl.com\/dev\/?s={search_term_string}\"},\"query-input\":\"required name=search_term_string\"}],\"inLanguage\":\"fr-FR\"},{\"@type\":\"Organization\",\"@id\":\"https:\/\/www.evenementbl.com\/dev\/#organization\",\"name\":\"&Eacute;v&eacute;nements Berger-Levrault\",\"url\":\"https:\/\/www.evenementbl.com\/dev\/\",\"logo\":{\"@type\":\"ImageObject\",\"inLanguage\":\"fr-FR\",\"@id\":\"https:\/\/www.evenementbl.com\/dev\/#\/schema\/logo\/image\/\",\"url\":\"https:\/\/www.evenementbl.com\/dev\/wp-content\/uploads\/2020\/01\/BL_logo.png\",\"contentUrl\":\"https:\/\/www.evenementbl.com\/dev\/wp-content\/uploads\/2020\/01\/BL_logo.png\",\"width\":152,\"height\":51,\"caption\":\"&Eacute;v&eacute;nements Berger-Levrault\"},\"image\":{\"@id\":\"https:\/\/www.evenementbl.com\/dev\/#\/schema\/logo\/image\/\"}}]}<\/script>\n<!-- \/ Yoast SEO plugin. -->","yoast_head_json":{"title":"Let's Talk Scheduling 2023 - Forfait conf\u00e9rence + formation - &Eacute;v&eacute;nements Berger-Levrault","robots":{"index":"index","follow":"follow","max-snippet":"max-snippet:-1","max-image-preview":"max-image-preview:large","max-video-preview":"max-video-preview:-1"},"canonical":"https:\/\/www.evenementbl.com\/dev\/produit\/lets-talk-scheduling-2023-conference-training-bundle-2\/","og_locale":"fr_FR","og_type":"article","og_title":"Let's Talk Scheduling 2023 - Forfait conf\u00e9rence + formation - &Eacute;v&eacute;nements Berger-Levrault","og_description":"Let&rsquo;s Talk Scheduling 2023 aura lieu du 2 au 5 octobre &agrave; l&rsquo;h&ocirc;tel Westin dans la belle ville de Calgary Alberta. Faites vite ! Les places sont limit&eacute;es. Ce billet vous donne acc&egrave;s &agrave; l&rsquo;ensemble de la conf&eacute;rence qui se d&eacute;roulera du 2 au 5 octobre. Combinez les sessions de formation, les opportunit&eacute;s de r&eacute;seautage [&hellip;]","og_url":"https:\/\/www.evenementbl.com\/dev\/produit\/lets-talk-scheduling-2023-conference-training-bundle-2\/","og_site_name":"&Eacute;v&eacute;nements Berger-Levrault","article_modified_time":"2024-03-06T18:06:43+00:00","og_image":[{"width":1200,"height":630,"url":"https:\/\/www.evenementbl.com\/dev\/wp-content\/uploads\/2023\/04\/MicrosoftTeams-image-35.jpg","type":"image\/jpeg"}],"twitter_card":"summary_large_image","twitter_misc":{"Dur\u00e9e de lecture estim\u00e9e":"1 minute"},"schema":{"@context":"https:\/\/schema.org","@graph":[{"@type":"WebPage","@id":"https:\/\/www.evenementbl.com\/dev\/produit\/lets-talk-scheduling-2023-conference-training-bundle-2\/","url":"https:\/\/www.evenementbl.com\/dev\/produit\/lets-talk-scheduling-2023-conference-training-bundle-2\/","name":"Let's Talk Scheduling 2023 - Forfait conf\u00e9rence + formation - &Eacute;v&eacute;nements Berger-Levrault","isPartOf":{"@id":"https:\/\/www.evenementbl.com\/dev\/#website"},"datePublished":"2023-04-06T16:38:02+00:00","dateModified":"2024-03-06T18:06:43+00:00","breadcrumb":{"@id":"https:\/\/www.evenementbl.com\/dev\/produit\/lets-talk-scheduling-2023-conference-training-bundle-2\/#breadcrumb"},"inLanguage":"fr-FR","potentialAction":[{"@type":"ReadAction","target":["https:\/\/www.evenementbl.com\/dev\/produit\/lets-talk-scheduling-2023-conference-training-bundle-2\/"]}]},{"@type":"BreadcrumbList","@id":"https:\/\/www.evenementbl.com\/dev\/produit\/lets-talk-scheduling-2023-conference-training-bundle-2\/#breadcrumb","itemListElement":[{"@type":"ListItem","position":1,"name":"Accueil","item":"https:\/\/www.evenementbl.com\/dev\/"},{"@type":"ListItem","position":2,"name":"Boutique","item":"https:\/\/www.evenementbl.com\/dev\/en\/shop\/"},{"@type":"ListItem","position":3,"name":"Let&#8217;s Talk Scheduling 2023 &#8211; Forfait conf\u00e9rence + formation"}]},{"@type":"WebSite","@id":"https:\/\/www.evenementbl.com\/dev\/#website","url":"https:\/\/www.evenementbl.com\/dev\/","name":"&Eacute;v&eacute;nements Berger-Levrault","description":"&Eacute;v&eacute;nements Berger-Levrault","publisher":{"@id":"https:\/\/www.evenementbl.com\/dev\/#organization"},"potentialAction":[{"@type":"SearchAction","target":{"@type":"EntryPoint","urlTemplate":"https:\/\/www.evenementbl.com\/dev\/?s={search_term_string}"},"query-input":"required name=search_term_string"}],"inLanguage":"fr-FR"},{"@type":"Organization","@id":"https:\/\/www.evenementbl.com\/dev\/#organization","name":"&Eacute;v&eacute;nements Berger-Levrault","url":"https:\/\/www.evenementbl.com\/dev\/","logo":{"@type":"ImageObject","inLanguage":"fr-FR","@id":"https:\/\/www.evenementbl.com\/dev\/#\/schema\/logo\/image\/","url":"https:\/\/www.evenementbl.com\/dev\/wp-content\/uploads\/2020\/01\/BL_logo.png","contentUrl":"https:\/\/www.evenementbl.com\/dev\/wp-content\/uploads\/2020\/01\/BL_logo.png","width":152,"height":51,"caption":"&Eacute;v&eacute;nements Berger-Levrault"},"image":{"@id":"https:\/\/www.evenementbl.com\/dev\/#\/schema\/logo\/image\/"}}]}},"_links":{"self":[{"href":"https:\/\/www.evenementbl.com\/dev\/wp-json\/wp\/v2\/product\/6607"}],"collection":[{"href":"https:\/\/www.evenementbl.com\/dev\/wp-json\/wp\/v2\/product"}],"about":[{"href":"https:\/\/www.evenementbl.com\/dev\/wp-json\/wp\/v2\/types\/product"}],"author":[{"embeddable":true,"href":"https:\/\/www.evenementbl.com\/dev\/wp-json\/wp\/v2\/users\/1017"}],"replies":[{"embeddable":true,"href":"https:\/\/www.evenementbl.com\/dev\/wp-json\/wp\/v2\/comments?post=6607"}],"wp:featuredmedia":[{"embeddable":true,"href":"https:\/\/www.evenementbl.com\/dev\/wp-json\/wp\/v2\/media\/6964"}],"wp:attachment":[{"href":"https:\/\/www.evenementbl.com\/dev\/wp-json\/wp\/v2\/media?parent=6607"}],"curies":[{"name":"wp","href":"https:\/\/api.w.org\/{rel}","templated":true}]}}