{"id":8199,"date":"2024-03-26T15:04:10","date_gmt":"2024-03-26T19:04:10","guid":{"rendered":"https:\/\/www.evenementbl.com\/dev\/produit\/billet-individuel\/"},"modified":"2024-04-18T14:35:03","modified_gmt":"2024-04-18T18:35:03","slug":"billet-individuel","status":"publish","type":"product","link":"https:\/\/www.evenementbl.com\/dev\/produit\/billet-individuel\/","title":{"rendered":"Billet individuel \u2013 COBA 2024"},"content":{"rendered":"<p>Ce billet vous donne acc\u00e8s \u00e0 toutes les activit\u00e9s de la journ\u00e9e du 30 mai incluant le d\u00e9jeuner, le d\u00eener, les pauses-caf\u00e9 et le 5@7. Veuillez noter qu&#8217;il est valable pour une seule personne.<\/p>\n","protected":false},"excerpt":{"rendered":"<p>Billet d&#8217;admission inividuel au Comit\u00e9 utilisateurs COBA 2024<\/p>\n","protected":false},"author":1017,"featured_media":1287,"comment_status":"open","ping_status":"closed","template":"","meta":[],"yoast_head":"<!-- This site is optimized with the Yoast SEO plugin v20.6 - https:\/\/yoast.com\/wordpress\/plugins\/seo\/ -->\n<title>Billet individuel \u2013 COBA 2024 - &Eacute;v&eacute;nements Berger-Levrault<\/title>\n<meta name=\"robots\" content=\"index, follow, max-snippet:-1, max-image-preview:large, max-video-preview:-1\" \/>\n<link rel=\"canonical\" href=\"https:\/\/www.evenementbl.com\/dev\/produit\/billet-individuel\/\" \/>\n<meta property=\"og:locale\" content=\"fr_FR\" \/>\n<meta property=\"og:type\" content=\"article\" \/>\n<meta property=\"og:title\" content=\"Billet individuel \u2013 COBA 2024 - &Eacute;v&eacute;nements Berger-Levrault\" \/>\n<meta property=\"og:description\" content=\"Billet d&#039;admission inividuel au Comit\u00e9 utilisateurs COBA 2024\" \/>\n<meta property=\"og:url\" content=\"https:\/\/www.evenementbl.com\/dev\/produit\/billet-individuel\/\" \/>\n<meta property=\"og:site_name\" content=\"&Eacute;v&eacute;nements Berger-Levrault\" \/>\n<meta property=\"article:modified_time\" content=\"2024-04-18T18:35:03+00:00\" \/>\n<meta property=\"og:image\" content=\"https:\/\/www.evenementbl.com\/dev\/wp-content\/uploads\/2020\/01\/BLxCOBA_2020-carre.png\" \/>\n\t<meta property=\"og:image:width\" content=\"867\" \/>\n\t<meta property=\"og:image:height\" content=\"867\" \/>\n\t<meta property=\"og:image:type\" content=\"image\/png\" \/>\n<meta name=\"twitter:card\" content=\"summary_large_image\" \/>\n<meta name=\"twitter:label1\" content=\"Dur\u00e9e de lecture estim\u00e9e\" \/>\n\t<meta name=\"twitter:data1\" content=\"1 minute\" \/>\n<script type=\"application\/ld+json\" class=\"yoast-schema-graph\">{\"@context\":\"https:\/\/schema.org\",\"@graph\":[{\"@type\":\"WebPage\",\"@id\":\"https:\/\/www.evenementbl.com\/dev\/produit\/billet-individuel\/\",\"url\":\"https:\/\/www.evenementbl.com\/dev\/produit\/billet-individuel\/\",\"name\":\"Billet individuel \u2013 COBA 2024 - &Eacute;v&eacute;nements Berger-Levrault\",\"isPartOf\":{\"@id\":\"https:\/\/www.evenementbl.com\/dev\/#website\"},\"datePublished\":\"2024-03-26T19:04:10+00:00\",\"dateModified\":\"2024-04-18T18:35:03+00:00\",\"breadcrumb\":{\"@id\":\"https:\/\/www.evenementbl.com\/dev\/produit\/billet-individuel\/#breadcrumb\"},\"inLanguage\":\"fr-FR\",\"potentialAction\":[{\"@type\":\"ReadAction\",\"target\":[\"https:\/\/www.evenementbl.com\/dev\/produit\/billet-individuel\/\"]}]},{\"@type\":\"BreadcrumbList\",\"@id\":\"https:\/\/www.evenementbl.com\/dev\/produit\/billet-individuel\/#breadcrumb\",\"itemListElement\":[{\"@type\":\"ListItem\",\"position\":1,\"name\":\"Accueil\",\"item\":\"https:\/\/www.evenementbl.com\/dev\/\"},{\"@type\":\"ListItem\",\"position\":2,\"name\":\"Boutique\",\"item\":\"https:\/\/www.evenementbl.com\/dev\/en\/shop\/\"},{\"@type\":\"ListItem\",\"position\":3,\"name\":\"Billet individuel \u2013 COBA 2024\"}]},{\"@type\":\"WebSite\",\"@id\":\"https:\/\/www.evenementbl.com\/dev\/#website\",\"url\":\"https:\/\/www.evenementbl.com\/dev\/\",\"name\":\"&Eacute;v&eacute;nements Berger-Levrault\",\"description\":\"&Eacute;v&eacute;nements Berger-Levrault\",\"publisher\":{\"@id\":\"https:\/\/www.evenementbl.com\/dev\/#organization\"},\"potentialAction\":[{\"@type\":\"SearchAction\",\"target\":{\"@type\":\"EntryPoint\",\"urlTemplate\":\"https:\/\/www.evenementbl.com\/dev\/?s={search_term_string}\"},\"query-input\":\"required name=search_term_string\"}],\"inLanguage\":\"fr-FR\"},{\"@type\":\"Organization\",\"@id\":\"https:\/\/www.evenementbl.com\/dev\/#organization\",\"name\":\"&Eacute;v&eacute;nements Berger-Levrault\",\"url\":\"https:\/\/www.evenementbl.com\/dev\/\",\"logo\":{\"@type\":\"ImageObject\",\"inLanguage\":\"fr-FR\",\"@id\":\"https:\/\/www.evenementbl.com\/dev\/#\/schema\/logo\/image\/\",\"url\":\"https:\/\/www.evenementbl.com\/dev\/wp-content\/uploads\/2020\/01\/BL_logo.png\",\"contentUrl\":\"https:\/\/www.evenementbl.com\/dev\/wp-content\/uploads\/2020\/01\/BL_logo.png\",\"width\":152,\"height\":51,\"caption\":\"&Eacute;v&eacute;nements Berger-Levrault\"},\"image\":{\"@id\":\"https:\/\/www.evenementbl.com\/dev\/#\/schema\/logo\/image\/\"}}]}<\/script>\n<!-- \/ Yoast SEO plugin. -->","yoast_head_json":{"title":"Billet individuel \u2013 COBA 2024 - &Eacute;v&eacute;nements Berger-Levrault","robots":{"index":"index","follow":"follow","max-snippet":"max-snippet:-1","max-image-preview":"max-image-preview:large","max-video-preview":"max-video-preview:-1"},"canonical":"https:\/\/www.evenementbl.com\/dev\/produit\/billet-individuel\/","og_locale":"fr_FR","og_type":"article","og_title":"Billet individuel \u2013 COBA 2024 - &Eacute;v&eacute;nements Berger-Levrault","og_description":"Billet d'admission inividuel au Comit\u00e9 utilisateurs COBA 2024","og_url":"https:\/\/www.evenementbl.com\/dev\/produit\/billet-individuel\/","og_site_name":"&Eacute;v&eacute;nements Berger-Levrault","article_modified_time":"2024-04-18T18:35:03+00:00","og_image":[{"width":867,"height":867,"url":"https:\/\/www.evenementbl.com\/dev\/wp-content\/uploads\/2020\/01\/BLxCOBA_2020-carre.png","type":"image\/png"}],"twitter_card":"summary_large_image","twitter_misc":{"Dur\u00e9e de lecture estim\u00e9e":"1 minute"},"schema":{"@context":"https:\/\/schema.org","@graph":[{"@type":"WebPage","@id":"https:\/\/www.evenementbl.com\/dev\/produit\/billet-individuel\/","url":"https:\/\/www.evenementbl.com\/dev\/produit\/billet-individuel\/","name":"Billet individuel \u2013 COBA 2024 - &Eacute;v&eacute;nements Berger-Levrault","isPartOf":{"@id":"https:\/\/www.evenementbl.com\/dev\/#website"},"datePublished":"2024-03-26T19:04:10+00:00","dateModified":"2024-04-18T18:35:03+00:00","breadcrumb":{"@id":"https:\/\/www.evenementbl.com\/dev\/produit\/billet-individuel\/#breadcrumb"},"inLanguage":"fr-FR","potentialAction":[{"@type":"ReadAction","target":["https:\/\/www.evenementbl.com\/dev\/produit\/billet-individuel\/"]}]},{"@type":"BreadcrumbList","@id":"https:\/\/www.evenementbl.com\/dev\/produit\/billet-individuel\/#breadcrumb","itemListElement":[{"@type":"ListItem","position":1,"name":"Accueil","item":"https:\/\/www.evenementbl.com\/dev\/"},{"@type":"ListItem","position":2,"name":"Boutique","item":"https:\/\/www.evenementbl.com\/dev\/en\/shop\/"},{"@type":"ListItem","position":3,"name":"Billet individuel \u2013 COBA 2024"}]},{"@type":"WebSite","@id":"https:\/\/www.evenementbl.com\/dev\/#website","url":"https:\/\/www.evenementbl.com\/dev\/","name":"&Eacute;v&eacute;nements Berger-Levrault","description":"&Eacute;v&eacute;nements Berger-Levrault","publisher":{"@id":"https:\/\/www.evenementbl.com\/dev\/#organization"},"potentialAction":[{"@type":"SearchAction","target":{"@type":"EntryPoint","urlTemplate":"https:\/\/www.evenementbl.com\/dev\/?s={search_term_string}"},"query-input":"required name=search_term_string"}],"inLanguage":"fr-FR"},{"@type":"Organization","@id":"https:\/\/www.evenementbl.com\/dev\/#organization","name":"&Eacute;v&eacute;nements Berger-Levrault","url":"https:\/\/www.evenementbl.com\/dev\/","logo":{"@type":"ImageObject","inLanguage":"fr-FR","@id":"https:\/\/www.evenementbl.com\/dev\/#\/schema\/logo\/image\/","url":"https:\/\/www.evenementbl.com\/dev\/wp-content\/uploads\/2020\/01\/BL_logo.png","contentUrl":"https:\/\/www.evenementbl.com\/dev\/wp-content\/uploads\/2020\/01\/BL_logo.png","width":152,"height":51,"caption":"&Eacute;v&eacute;nements Berger-Levrault"},"image":{"@id":"https:\/\/www.evenementbl.com\/dev\/#\/schema\/logo\/image\/"}}]}},"_links":{"self":[{"href":"https:\/\/www.evenementbl.com\/dev\/wp-json\/wp\/v2\/product\/8199"}],"collection":[{"href":"https:\/\/www.evenementbl.com\/dev\/wp-json\/wp\/v2\/product"}],"about":[{"href":"https:\/\/www.evenementbl.com\/dev\/wp-json\/wp\/v2\/types\/product"}],"author":[{"embeddable":true,"href":"https:\/\/www.evenementbl.com\/dev\/wp-json\/wp\/v2\/users\/1017"}],"replies":[{"embeddable":true,"href":"https:\/\/www.evenementbl.com\/dev\/wp-json\/wp\/v2\/comments?post=8199"}],"wp:featuredmedia":[{"embeddable":true,"href":"https:\/\/www.evenementbl.com\/dev\/wp-json\/wp\/v2\/media\/1287"}],"wp:attachment":[{"href":"https:\/\/www.evenementbl.com\/dev\/wp-json\/wp\/v2\/media?parent=8199"}],"curies":[{"name":"wp","href":"https:\/\/api.w.org\/{rel}","templated":true}]}}