{"id":8329,"date":"2024-04-05T12:34:30","date_gmt":"2024-04-05T16:34:30","guid":{"rendered":"https:\/\/www.evenementbl.com\/dev\/produit\/ph-2024-forfait-conference\/"},"modified":"2024-06-27T00:05:04","modified_gmt":"2024-06-27T04:05:04","slug":"ph-2024-forfait-conference","status":"publish","type":"product","link":"https:\/\/www.evenementbl.com\/dev\/produit\/ph-2024-forfait-conference\/","title":{"rendered":"PH 2024 &#8211; Forfait conf\u00e9rence"},"content":{"rendered":"<p>Ce billet vous donne acc\u00e8s aux sessions de la conf\u00e9rence qui se d\u00e9rouleront du 1 au 3 octobre exclusivement. Rejoignez-nous pour des sessions enrichissantes, des \u00e9v\u00e9nements de r\u00e9seautage et bien plus encore. C&#8217;est une excellente opportunit\u00e9 de cr\u00e9er des liens entre les participants et d&#8217;approfondir votre connaissance de nos solutions gr\u00e2ce \u00e0 l&#8217;expertise de nos intervenants et au partage d&#8217;exp\u00e9riences avec nos clients actuels.<\/p>\n<p>*Inclut les sessions francophones du 1er octobre.<\/p>\n","protected":false},"excerpt":{"rendered":"<p>Ce billet vous donne acc\u00e8s aux sessions de la conf\u00e9rence qui se d\u00e9rouleront du 1 au 3 octobre exclusivement. Rejoignez-nous pour des sessions enrichissantes, des \u00e9v\u00e9nements de r\u00e9seautage et bien plus encore. C&#8217;est une excellente opportunit\u00e9 de cr\u00e9er des liens entre les participants et d&#8217;approfondir votre connaissance de nos solutions gr\u00e2ce \u00e0 l&#8217;expertise de nos intervenants et au partage d&#8217;exp\u00e9riences avec nos clients actuels.<\/p>\n<p>*Inclut les sessions francophones du 1er octobre.<\/p>\n","protected":false},"author":0,"featured_media":6721,"comment_status":"open","ping_status":"closed","template":"","meta":[],"yoast_head":"<!-- This site is optimized with the Yoast SEO plugin v20.6 - https:\/\/yoast.com\/wordpress\/plugins\/seo\/ -->\n<title>PH 2024 - Forfait conf\u00e9rence - &Eacute;v&eacute;nements Berger-Levrault<\/title>\n<meta name=\"robots\" content=\"index, follow, max-snippet:-1, max-image-preview:large, max-video-preview:-1\" \/>\n<link rel=\"canonical\" href=\"https:\/\/www.evenementbl.com\/dev\/produit\/ph-2024-forfait-conference\/\" \/>\n<meta property=\"og:locale\" content=\"fr_FR\" \/>\n<meta property=\"og:type\" content=\"article\" \/>\n<meta property=\"og:title\" content=\"PH 2024 - Forfait conf\u00e9rence - &Eacute;v&eacute;nements Berger-Levrault\" \/>\n<meta property=\"og:description\" content=\"Ce billet vous donne acc\u00e8s aux sessions de la conf\u00e9rence qui se d\u00e9rouleront du 1 au 3 octobre exclusivement. Rejoignez-nous pour des sessions enrichissantes, des \u00e9v\u00e9nements de r\u00e9seautage et bien plus encore. C&#039;est une excellente opportunit\u00e9 de cr\u00e9er des liens entre les participants et d&#039;approfondir votre connaissance de nos solutions gr\u00e2ce \u00e0 l&#039;expertise de nos intervenants et au partage d&#039;exp\u00e9riences avec nos clients actuels.  *Inclut les sessions francophones du 1er octobre.\" \/>\n<meta property=\"og:url\" content=\"https:\/\/www.evenementbl.com\/dev\/produit\/ph-2024-forfait-conference\/\" \/>\n<meta property=\"og:site_name\" content=\"&Eacute;v&eacute;nements Berger-Levrault\" \/>\n<meta property=\"article:modified_time\" content=\"2024-06-27T04:05:04+00:00\" \/>\n<meta property=\"og:image\" content=\"https:\/\/www.evenementbl.com\/dev\/wp-content\/uploads\/2023\/04\/BLxInfosilem_2020.png\" \/>\n\t<meta property=\"og:image:width\" content=\"648\" \/>\n\t<meta property=\"og:image:height\" content=\"180\" \/>\n\t<meta property=\"og:image:type\" content=\"image\/png\" \/>\n<meta name=\"twitter:card\" content=\"summary_large_image\" \/>\n<meta name=\"twitter:label1\" content=\"Dur\u00e9e de lecture estim\u00e9e\" \/>\n\t<meta name=\"twitter:data1\" content=\"1 minute\" \/>\n<script type=\"application\/ld+json\" class=\"yoast-schema-graph\">{\"@context\":\"https:\/\/schema.org\",\"@graph\":[{\"@type\":\"WebPage\",\"@id\":\"https:\/\/www.evenementbl.com\/dev\/produit\/ph-2024-forfait-conference\/\",\"url\":\"https:\/\/www.evenementbl.com\/dev\/produit\/ph-2024-forfait-conference\/\",\"name\":\"PH 2024 - Forfait conf\u00e9rence - &Eacute;v&eacute;nements Berger-Levrault\",\"isPartOf\":{\"@id\":\"https:\/\/www.evenementbl.com\/dev\/#website\"},\"datePublished\":\"2024-04-05T16:34:30+00:00\",\"dateModified\":\"2024-06-27T04:05:04+00:00\",\"breadcrumb\":{\"@id\":\"https:\/\/www.evenementbl.com\/dev\/produit\/ph-2024-forfait-conference\/#breadcrumb\"},\"inLanguage\":\"fr-FR\",\"potentialAction\":[{\"@type\":\"ReadAction\",\"target\":[\"https:\/\/www.evenementbl.com\/dev\/produit\/ph-2024-forfait-conference\/\"]}]},{\"@type\":\"BreadcrumbList\",\"@id\":\"https:\/\/www.evenementbl.com\/dev\/produit\/ph-2024-forfait-conference\/#breadcrumb\",\"itemListElement\":[{\"@type\":\"ListItem\",\"position\":1,\"name\":\"Accueil\",\"item\":\"https:\/\/www.evenementbl.com\/dev\/\"},{\"@type\":\"ListItem\",\"position\":2,\"name\":\"Boutique\",\"item\":\"https:\/\/www.evenementbl.com\/dev\/en\/shop\/\"},{\"@type\":\"ListItem\",\"position\":3,\"name\":\"PH 2024 &#8211; Forfait conf\u00e9rence\"}]},{\"@type\":\"WebSite\",\"@id\":\"https:\/\/www.evenementbl.com\/dev\/#website\",\"url\":\"https:\/\/www.evenementbl.com\/dev\/\",\"name\":\"&Eacute;v&eacute;nements Berger-Levrault\",\"description\":\"&Eacute;v&eacute;nements Berger-Levrault\",\"publisher\":{\"@id\":\"https:\/\/www.evenementbl.com\/dev\/#organization\"},\"potentialAction\":[{\"@type\":\"SearchAction\",\"target\":{\"@type\":\"EntryPoint\",\"urlTemplate\":\"https:\/\/www.evenementbl.com\/dev\/?s={search_term_string}\"},\"query-input\":\"required name=search_term_string\"}],\"inLanguage\":\"fr-FR\"},{\"@type\":\"Organization\",\"@id\":\"https:\/\/www.evenementbl.com\/dev\/#organization\",\"name\":\"&Eacute;v&eacute;nements Berger-Levrault\",\"url\":\"https:\/\/www.evenementbl.com\/dev\/\",\"logo\":{\"@type\":\"ImageObject\",\"inLanguage\":\"fr-FR\",\"@id\":\"https:\/\/www.evenementbl.com\/dev\/#\/schema\/logo\/image\/\",\"url\":\"https:\/\/www.evenementbl.com\/dev\/wp-content\/uploads\/2020\/01\/BL_logo.png\",\"contentUrl\":\"https:\/\/www.evenementbl.com\/dev\/wp-content\/uploads\/2020\/01\/BL_logo.png\",\"width\":152,\"height\":51,\"caption\":\"&Eacute;v&eacute;nements Berger-Levrault\"},\"image\":{\"@id\":\"https:\/\/www.evenementbl.com\/dev\/#\/schema\/logo\/image\/\"}}]}<\/script>\n<!-- \/ Yoast SEO plugin. -->","yoast_head_json":{"title":"PH 2024 - Forfait conf\u00e9rence - &Eacute;v&eacute;nements Berger-Levrault","robots":{"index":"index","follow":"follow","max-snippet":"max-snippet:-1","max-image-preview":"max-image-preview:large","max-video-preview":"max-video-preview:-1"},"canonical":"https:\/\/www.evenementbl.com\/dev\/produit\/ph-2024-forfait-conference\/","og_locale":"fr_FR","og_type":"article","og_title":"PH 2024 - Forfait conf\u00e9rence - &Eacute;v&eacute;nements Berger-Levrault","og_description":"Ce billet vous donne acc\u00e8s aux sessions de la conf\u00e9rence qui se d\u00e9rouleront du 1 au 3 octobre exclusivement. Rejoignez-nous pour des sessions enrichissantes, des \u00e9v\u00e9nements de r\u00e9seautage et bien plus encore. C'est une excellente opportunit\u00e9 de cr\u00e9er des liens entre les participants et d'approfondir votre connaissance de nos solutions gr\u00e2ce \u00e0 l'expertise de nos intervenants et au partage d'exp\u00e9riences avec nos clients actuels.  *Inclut les sessions francophones du 1er octobre.","og_url":"https:\/\/www.evenementbl.com\/dev\/produit\/ph-2024-forfait-conference\/","og_site_name":"&Eacute;v&eacute;nements Berger-Levrault","article_modified_time":"2024-06-27T04:05:04+00:00","og_image":[{"width":648,"height":180,"url":"https:\/\/www.evenementbl.com\/dev\/wp-content\/uploads\/2023\/04\/BLxInfosilem_2020.png","type":"image\/png"}],"twitter_card":"summary_large_image","twitter_misc":{"Dur\u00e9e de lecture estim\u00e9e":"1 minute"},"schema":{"@context":"https:\/\/schema.org","@graph":[{"@type":"WebPage","@id":"https:\/\/www.evenementbl.com\/dev\/produit\/ph-2024-forfait-conference\/","url":"https:\/\/www.evenementbl.com\/dev\/produit\/ph-2024-forfait-conference\/","name":"PH 2024 - Forfait conf\u00e9rence - &Eacute;v&eacute;nements Berger-Levrault","isPartOf":{"@id":"https:\/\/www.evenementbl.com\/dev\/#website"},"datePublished":"2024-04-05T16:34:30+00:00","dateModified":"2024-06-27T04:05:04+00:00","breadcrumb":{"@id":"https:\/\/www.evenementbl.com\/dev\/produit\/ph-2024-forfait-conference\/#breadcrumb"},"inLanguage":"fr-FR","potentialAction":[{"@type":"ReadAction","target":["https:\/\/www.evenementbl.com\/dev\/produit\/ph-2024-forfait-conference\/"]}]},{"@type":"BreadcrumbList","@id":"https:\/\/www.evenementbl.com\/dev\/produit\/ph-2024-forfait-conference\/#breadcrumb","itemListElement":[{"@type":"ListItem","position":1,"name":"Accueil","item":"https:\/\/www.evenementbl.com\/dev\/"},{"@type":"ListItem","position":2,"name":"Boutique","item":"https:\/\/www.evenementbl.com\/dev\/en\/shop\/"},{"@type":"ListItem","position":3,"name":"PH 2024 &#8211; Forfait conf\u00e9rence"}]},{"@type":"WebSite","@id":"https:\/\/www.evenementbl.com\/dev\/#website","url":"https:\/\/www.evenementbl.com\/dev\/","name":"&Eacute;v&eacute;nements Berger-Levrault","description":"&Eacute;v&eacute;nements Berger-Levrault","publisher":{"@id":"https:\/\/www.evenementbl.com\/dev\/#organization"},"potentialAction":[{"@type":"SearchAction","target":{"@type":"EntryPoint","urlTemplate":"https:\/\/www.evenementbl.com\/dev\/?s={search_term_string}"},"query-input":"required name=search_term_string"}],"inLanguage":"fr-FR"},{"@type":"Organization","@id":"https:\/\/www.evenementbl.com\/dev\/#organization","name":"&Eacute;v&eacute;nements Berger-Levrault","url":"https:\/\/www.evenementbl.com\/dev\/","logo":{"@type":"ImageObject","inLanguage":"fr-FR","@id":"https:\/\/www.evenementbl.com\/dev\/#\/schema\/logo\/image\/","url":"https:\/\/www.evenementbl.com\/dev\/wp-content\/uploads\/2020\/01\/BL_logo.png","contentUrl":"https:\/\/www.evenementbl.com\/dev\/wp-content\/uploads\/2020\/01\/BL_logo.png","width":152,"height":51,"caption":"&Eacute;v&eacute;nements Berger-Levrault"},"image":{"@id":"https:\/\/www.evenementbl.com\/dev\/#\/schema\/logo\/image\/"}}]}},"_links":{"self":[{"href":"https:\/\/www.evenementbl.com\/dev\/wp-json\/wp\/v2\/product\/8329"}],"collection":[{"href":"https:\/\/www.evenementbl.com\/dev\/wp-json\/wp\/v2\/product"}],"about":[{"href":"https:\/\/www.evenementbl.com\/dev\/wp-json\/wp\/v2\/types\/product"}],"replies":[{"embeddable":true,"href":"https:\/\/www.evenementbl.com\/dev\/wp-json\/wp\/v2\/comments?post=8329"}],"wp:featuredmedia":[{"embeddable":true,"href":"https:\/\/www.evenementbl.com\/dev\/wp-json\/wp\/v2\/media\/6721"}],"wp:attachment":[{"href":"https:\/\/www.evenementbl.com\/dev\/wp-json\/wp\/v2\/media?parent=8329"}],"curies":[{"name":"wp","href":"https:\/\/api.w.org\/{rel}","templated":true}]}}