{"id":9195,"date":"2026-04-07T13:30:53","date_gmt":"2026-04-07T17:30:53","guid":{"rendered":"https:\/\/www.evenementbl.com\/produit\/billet-dinscription\/"},"modified":"2026-04-07T16:34:47","modified_gmt":"2026-04-07T20:34:47","slug":"billet-dinscription","status":"publish","type":"product","link":"https:\/\/www.evenementbl.com\/en\/produit\/billet-dinscription\/","title":{"rendered":"Billet d\u2019inscription"},"content":{"rendered":"<p>Ce billet inclut l\u2019acc\u00e8s complet au Comit\u00e9 utilisateurs COBA 2026, incluant les pr\u00e9sentations, ateliers interactifs et moments de r\u00e9seautage. Repartez avec des bonnes pratiques, des id\u00e9es concr\u00e8tes et des contacts cl\u00e9s pour faire \u00e9voluer vos pratiques.<\/p>\n","protected":false},"excerpt":{"rendered":"<p>Ce billet d&#8217;inscription inclut l&#8217;acc\u00e8s \u00e0 toutes les activit\u00e9s de la journ\u00e9e du Comit\u00e9 utilisateurs COBA 2026.<\/p>\n","protected":false},"author":1017,"featured_media":9198,"comment_status":"open","ping_status":"closed","template":"","meta":[],"product_brand":[],"product_cat":[15,212,201,275],"product_tag":[],"class_list":{"0":"post-9195","1":"product","2":"type-product","3":"status-publish","4":"has-post-thumbnail","6":"product_cat-evenement","7":"product_cat-max-130-places","8":"product_cat-payfacto-blc","9":"product_cat-questions-dinscription","11":"entry","12":"has-media","14":"first","15":"instock","16":"sale","17":"virtual","18":"taxable","19":"purchasable","20":"product-type-event_ticket","21":"has-product-nav","22":"col","23":"span_1_of_3","24":"owp-content-center","25":"owp-thumbs-layout-horizontal","26":"owp-btn-normal","27":"owp-tabs-layout-horizontal","28":"has-no-thumbnails","29":"circle-sale"},"yoast_head":"<!-- This site is optimized with the Yoast SEO plugin v24.9 - https:\/\/yoast.com\/wordpress\/plugins\/seo\/ -->\n<title>Billet d\u2019inscription - &Eacute;v&eacute;nements Berger-Levrault<\/title>\n<meta name=\"robots\" content=\"index, follow, max-snippet:-1, max-image-preview:large, max-video-preview:-1\" \/>\n<link rel=\"canonical\" href=\"https:\/\/www.evenementbl.com\/produit\/billet-dinscription\/\" \/>\n<meta property=\"og:locale\" content=\"en_US\" \/>\n<meta property=\"og:type\" content=\"article\" \/>\n<meta property=\"og:title\" content=\"Billet d\u2019inscription - &Eacute;v&eacute;nements Berger-Levrault\" \/>\n<meta property=\"og:description\" content=\"Ce billet d&#039;inscription inclut l&#039;acc\u00e8s \u00e0 toutes les activit\u00e9s de la journ\u00e9e du Comit\u00e9 utilisateurs COBA 2026.\" \/>\n<meta property=\"og:url\" content=\"https:\/\/www.evenementbl.com\/produit\/billet-dinscription\/\" \/>\n<meta property=\"og:site_name\" content=\"&Eacute;v&eacute;nements Berger-Levrault\" \/>\n<meta property=\"article:modified_time\" content=\"2026-04-07T20:34:47+00:00\" \/>\n<meta property=\"og:image\" content=\"https:\/\/www.evenementbl.com\/wp-content\/uploads\/2026\/04\/COBA-Comite-Utilisateurs-2025-200-x-200-px.png\" \/>\n\t<meta property=\"og:image:width\" content=\"200\" \/>\n\t<meta property=\"og:image:height\" content=\"200\" \/>\n\t<meta property=\"og:image:type\" content=\"image\/png\" \/>\n<meta name=\"twitter:card\" content=\"summary_large_image\" \/>\n<meta name=\"twitter:label1\" content=\"Est. reading time\" \/>\n\t<meta name=\"twitter:data1\" content=\"1 minute\" \/>\n<script type=\"application\/ld+json\" class=\"yoast-schema-graph\">{\"@context\":\"https:\/\/schema.org\",\"@graph\":[{\"@type\":\"WebPage\",\"@id\":\"https:\/\/www.evenementbl.com\/produit\/billet-dinscription\/\",\"url\":\"https:\/\/www.evenementbl.com\/produit\/billet-dinscription\/\",\"name\":\"Billet d\u2019inscription - &Eacute;v&eacute;nements Berger-Levrault\",\"isPartOf\":{\"@id\":\"https:\/\/www.evenementbl.com\/#website\"},\"primaryImageOfPage\":{\"@id\":\"https:\/\/www.evenementbl.com\/produit\/billet-dinscription\/#primaryimage\"},\"image\":{\"@id\":\"https:\/\/www.evenementbl.com\/produit\/billet-dinscription\/#primaryimage\"},\"thumbnailUrl\":\"https:\/\/www.evenementbl.com\/wp-content\/uploads\/2026\/04\/COBA-Comite-Utilisateurs-2025-200-x-200-px.png\",\"datePublished\":\"2026-04-07T17:30:53+00:00\",\"dateModified\":\"2026-04-07T20:34:47+00:00\",\"breadcrumb\":{\"@id\":\"https:\/\/www.evenementbl.com\/produit\/billet-dinscription\/#breadcrumb\"},\"inLanguage\":\"en-US\",\"potentialAction\":[{\"@type\":\"ReadAction\",\"target\":[\"https:\/\/www.evenementbl.com\/produit\/billet-dinscription\/\"]}]},{\"@type\":\"ImageObject\",\"inLanguage\":\"en-US\",\"@id\":\"https:\/\/www.evenementbl.com\/produit\/billet-dinscription\/#primaryimage\",\"url\":\"https:\/\/www.evenementbl.com\/wp-content\/uploads\/2026\/04\/COBA-Comite-Utilisateurs-2025-200-x-200-px.png\",\"contentUrl\":\"https:\/\/www.evenementbl.com\/wp-content\/uploads\/2026\/04\/COBA-Comite-Utilisateurs-2025-200-x-200-px.png\",\"width\":200,\"height\":200},{\"@type\":\"BreadcrumbList\",\"@id\":\"https:\/\/www.evenementbl.com\/produit\/billet-dinscription\/#breadcrumb\",\"itemListElement\":[{\"@type\":\"ListItem\",\"position\":1,\"name\":\"Accueil\",\"item\":\"https:\/\/www.evenementbl.com\/en\/\"},{\"@type\":\"ListItem\",\"position\":2,\"name\":\"Boutique\",\"item\":\"https:\/\/www.evenementbl.com\/boutique\/\"},{\"@type\":\"ListItem\",\"position\":3,\"name\":\"Billet d\u2019inscription\"}]},{\"@type\":\"WebSite\",\"@id\":\"https:\/\/www.evenementbl.com\/#website\",\"url\":\"https:\/\/www.evenementbl.com\/\",\"name\":\"&Eacute;v&eacute;nements Berger-Levrault\",\"description\":\"&Eacute;v&eacute;nements Berger-Levrault\",\"publisher\":{\"@id\":\"https:\/\/www.evenementbl.com\/#organization\"},\"potentialAction\":[{\"@type\":\"SearchAction\",\"target\":{\"@type\":\"EntryPoint\",\"urlTemplate\":\"https:\/\/www.evenementbl.com\/?s={search_term_string}\"},\"query-input\":{\"@type\":\"PropertyValueSpecification\",\"valueRequired\":true,\"valueName\":\"search_term_string\"}}],\"inLanguage\":\"en-US\"},{\"@type\":\"Organization\",\"@id\":\"https:\/\/www.evenementbl.com\/#organization\",\"name\":\"&Eacute;v&eacute;nements Berger-Levrault\",\"url\":\"https:\/\/www.evenementbl.com\/\",\"logo\":{\"@type\":\"ImageObject\",\"inLanguage\":\"en-US\",\"@id\":\"https:\/\/www.evenementbl.com\/#\/schema\/logo\/image\/\",\"url\":\"https:\/\/www.evenementbl.com\/wp-content\/uploads\/2020\/01\/BL_logo.png\",\"contentUrl\":\"https:\/\/www.evenementbl.com\/wp-content\/uploads\/2020\/01\/BL_logo.png\",\"width\":152,\"height\":51,\"caption\":\"&Eacute;v&eacute;nements Berger-Levrault\"},\"image\":{\"@id\":\"https:\/\/www.evenementbl.com\/#\/schema\/logo\/image\/\"}}]}<\/script>\n<!-- \/ Yoast SEO plugin. -->","yoast_head_json":{"title":"Billet d\u2019inscription - &Eacute;v&eacute;nements Berger-Levrault","robots":{"index":"index","follow":"follow","max-snippet":"max-snippet:-1","max-image-preview":"max-image-preview:large","max-video-preview":"max-video-preview:-1"},"canonical":"https:\/\/www.evenementbl.com\/produit\/billet-dinscription\/","og_locale":"en_US","og_type":"article","og_title":"Billet d\u2019inscription - &Eacute;v&eacute;nements Berger-Levrault","og_description":"Ce billet d'inscription inclut l'acc\u00e8s \u00e0 toutes les activit\u00e9s de la journ\u00e9e du Comit\u00e9 utilisateurs COBA 2026.","og_url":"https:\/\/www.evenementbl.com\/produit\/billet-dinscription\/","og_site_name":"&Eacute;v&eacute;nements Berger-Levrault","article_modified_time":"2026-04-07T20:34:47+00:00","og_image":[{"width":200,"height":200,"url":"https:\/\/www.evenementbl.com\/wp-content\/uploads\/2026\/04\/COBA-Comite-Utilisateurs-2025-200-x-200-px.png","type":"image\/png"}],"twitter_card":"summary_large_image","twitter_misc":{"Est. reading time":"1 minute"},"schema":{"@context":"https:\/\/schema.org","@graph":[{"@type":"WebPage","@id":"https:\/\/www.evenementbl.com\/produit\/billet-dinscription\/","url":"https:\/\/www.evenementbl.com\/produit\/billet-dinscription\/","name":"Billet d\u2019inscription - &Eacute;v&eacute;nements Berger-Levrault","isPartOf":{"@id":"https:\/\/www.evenementbl.com\/#website"},"primaryImageOfPage":{"@id":"https:\/\/www.evenementbl.com\/produit\/billet-dinscription\/#primaryimage"},"image":{"@id":"https:\/\/www.evenementbl.com\/produit\/billet-dinscription\/#primaryimage"},"thumbnailUrl":"https:\/\/www.evenementbl.com\/wp-content\/uploads\/2026\/04\/COBA-Comite-Utilisateurs-2025-200-x-200-px.png","datePublished":"2026-04-07T17:30:53+00:00","dateModified":"2026-04-07T20:34:47+00:00","breadcrumb":{"@id":"https:\/\/www.evenementbl.com\/produit\/billet-dinscription\/#breadcrumb"},"inLanguage":"en-US","potentialAction":[{"@type":"ReadAction","target":["https:\/\/www.evenementbl.com\/produit\/billet-dinscription\/"]}]},{"@type":"ImageObject","inLanguage":"en-US","@id":"https:\/\/www.evenementbl.com\/produit\/billet-dinscription\/#primaryimage","url":"https:\/\/www.evenementbl.com\/wp-content\/uploads\/2026\/04\/COBA-Comite-Utilisateurs-2025-200-x-200-px.png","contentUrl":"https:\/\/www.evenementbl.com\/wp-content\/uploads\/2026\/04\/COBA-Comite-Utilisateurs-2025-200-x-200-px.png","width":200,"height":200},{"@type":"BreadcrumbList","@id":"https:\/\/www.evenementbl.com\/produit\/billet-dinscription\/#breadcrumb","itemListElement":[{"@type":"ListItem","position":1,"name":"Accueil","item":"https:\/\/www.evenementbl.com\/en\/"},{"@type":"ListItem","position":2,"name":"Boutique","item":"https:\/\/www.evenementbl.com\/boutique\/"},{"@type":"ListItem","position":3,"name":"Billet d\u2019inscription"}]},{"@type":"WebSite","@id":"https:\/\/www.evenementbl.com\/#website","url":"https:\/\/www.evenementbl.com\/","name":"&Eacute;v&eacute;nements Berger-Levrault","description":"&Eacute;v&eacute;nements Berger-Levrault","publisher":{"@id":"https:\/\/www.evenementbl.com\/#organization"},"potentialAction":[{"@type":"SearchAction","target":{"@type":"EntryPoint","urlTemplate":"https:\/\/www.evenementbl.com\/?s={search_term_string}"},"query-input":{"@type":"PropertyValueSpecification","valueRequired":true,"valueName":"search_term_string"}}],"inLanguage":"en-US"},{"@type":"Organization","@id":"https:\/\/www.evenementbl.com\/#organization","name":"&Eacute;v&eacute;nements Berger-Levrault","url":"https:\/\/www.evenementbl.com\/","logo":{"@type":"ImageObject","inLanguage":"en-US","@id":"https:\/\/www.evenementbl.com\/#\/schema\/logo\/image\/","url":"https:\/\/www.evenementbl.com\/wp-content\/uploads\/2020\/01\/BL_logo.png","contentUrl":"https:\/\/www.evenementbl.com\/wp-content\/uploads\/2020\/01\/BL_logo.png","width":152,"height":51,"caption":"&Eacute;v&eacute;nements Berger-Levrault"},"image":{"@id":"https:\/\/www.evenementbl.com\/#\/schema\/logo\/image\/"}}]}},"_links":{"self":[{"href":"https:\/\/www.evenementbl.com\/en\/wp-json\/wp\/v2\/product\/9195","targetHints":{"allow":["GET"]}}],"collection":[{"href":"https:\/\/www.evenementbl.com\/en\/wp-json\/wp\/v2\/product"}],"about":[{"href":"https:\/\/www.evenementbl.com\/en\/wp-json\/wp\/v2\/types\/product"}],"author":[{"embeddable":true,"href":"https:\/\/www.evenementbl.com\/en\/wp-json\/wp\/v2\/users\/1017"}],"replies":[{"embeddable":true,"href":"https:\/\/www.evenementbl.com\/en\/wp-json\/wp\/v2\/comments?post=9195"}],"wp:featuredmedia":[{"embeddable":true,"href":"https:\/\/www.evenementbl.com\/en\/wp-json\/wp\/v2\/media\/9198"}],"wp:attachment":[{"href":"https:\/\/www.evenementbl.com\/en\/wp-json\/wp\/v2\/media?parent=9195"}],"wp:term":[{"taxonomy":"product_brand","embeddable":true,"href":"https:\/\/www.evenementbl.com\/en\/wp-json\/wp\/v2\/product_brand?post=9195"},{"taxonomy":"product_cat","embeddable":true,"href":"https:\/\/www.evenementbl.com\/en\/wp-json\/wp\/v2\/product_cat?post=9195"},{"taxonomy":"product_tag","embeddable":true,"href":"https:\/\/www.evenementbl.com\/en\/wp-json\/wp\/v2\/product_tag?post=9195"}],"curies":[{"name":"wp","href":"https:\/\/api.w.org\/{rel}","templated":true}]}}